{"id":74,"date":"2015-08-13T04:05:38","date_gmt":"2015-08-13T04:05:38","guid":{"rendered":"http:\/\/totaltheme.wpengine.com\/modern-agency\/?page_id=8"},"modified":"2022-07-08T15:51:27","modified_gmt":"2022-07-08T12:51:27","slug":"about","status":"publish","type":"page","link":"https:\/\/www.mateos.lv\/wordpress\/?page_id=74","title":{"rendered":"About"},"content":{"rendered":"[vc_row full_width=&#187;stretch_row_content_no_spaces&#187; column_spacing=&#187;0px&#187;][vc_column margin_bottom=&#187;0px&#187;]<div class=\"vcex-module vcex-feature-box clr left-content-right-image phone-fullwidth-columns\"><div class=\"vcex-feature-box-media clr\" style=\"width:50%;\"><div class=\"vcex-feature-box-image\" ><img src=\"https:\/\/www.mateos.lv\/wordpress\/wp-content\/uploads\/2015\/08\/change-1.jpg\" alt='' data-no-retina width=\"1000\" height=\"600\" \/><\/div><\/div><div class=\"vcex-feature-box-content clr\" style=\"width:50%;\"><div class=\"vcex-feature-box-padding-container clr\" style=\"padding:30px;\"><h2 class=\"vcex-feature-box-heading\" style=\"font-size:28px;letter-spacing:2px;\">Kas m\u0113s esam un ko m\u0113s dar\u0101m<\/h2><div class=\"vcex-feature-box-text clr\"><p>MATEOS SIA ir pakalpojumu uz\u0146\u0113mums, kas specializ\u0113jas b\u016bvprojektu kompleks\u0101 apg\u0101d\u0113 ar nepiecie\u0161amajiem materi\u0101liem.<\/p>\n<p>M\u0113s pied\u0101v\u0101jam pilnu materi\u0101lu kl\u0101stu, kas nepiecie\u0161ami ne tikai lielu, bet ar\u012b mazu objektu celtniec\u012bbai, k\u0101 ar\u012b telpu remontam un apdarei:<\/p>\n<ul>\n<li>GKL,<\/li>\n<li>sausie mais\u012bjumi,<\/li>\n<li>siltums un hidroizol\u0101cija,<\/li>\n<li>kr\u0101sas un celtniec\u012bbas \u0137imik\u0101lijas,<\/li>\n<li>piekaramie griesti un gr\u012bdas segumi,<\/li>\n<li>pamatpoz\u012bcijas santehnik\u0101<\/li>\n<li>pal\u012bgmateri\u0101li un instrumenti.<\/li>\n<\/ul>\n<p>M\u0113s esam popul\u0101r\u0101ko celtniec\u012bbas materi\u0101lu z\u012bmolu tie\u0161ie pieg\u0101d\u0101t\u0101ji, kas noz\u012bm\u0113, ka varam tiem pied\u0101v\u0101t viszem\u0101k\u0101s cenas.<\/p>\n<p>M\u0113s vad\u0101m savus klientus no pieteikuma sa\u0146em\u0161anas br\u012b\u017ea l\u012bdz pre\u010du nos\u016bt\u012b\u0161anai. Visu \u0161o laiku j\u016bsu pas\u016bt\u012bjumu uzraudz\u012bs\u00a0 mened\u017eeris, J\u016bsu person\u012bgais konsultants. Ar t\u0101 pal\u012bdz\u012bbu J\u016bs var\u0113siet izv\u0113l\u0113ties pareizo materi\u0101lu savam b\u016bv\u0113jamajam objektam, kas piln\u012bb\u0101 atbilst izvirz\u012btajiem uzdevumiem un J\u016bsu cer\u012bb\u0101m attiec\u012bb\u0101 uz cenu un kvalit\u0101ti.<\/p>\n<p><strong>To ko m\u0113s\u00a0 dar\u0101m, m\u0113s\u00a0 dar\u0101m labi!<\/strong><\/p>\n<p>M\u0113s apzin\u012bgi pie\u0146emam un izpild\u0101m ien\u0101ko\u0161os pas\u016bt\u012bjumus par viszem\u0101kaj\u0101m cen\u0101m un par visu piepras\u012bto nomenklat\u016bru, neizsv\u012btrojot &#171;ne\u0113rtos&#187; nelielos daudzumus, retas preces un materi\u0101lus, kas nav noliktav\u0101.<\/p>\n<p>M\u0113s nekav\u0113joties pieg\u0101d\u0101jam celtniec\u012bbas materi\u0101lus un instrumentus objektiem, pal\u012bgmateri\u0101lus, piederumus, stiprin\u0101jumus un rokas instrumentus &#8212; m\u0113s pieg\u0101d\u0101jam Jums visu nepiecie\u0161amo jebkur\u0101 apjom\u0101 un daudzum\u0101.<\/p>\n<p>M\u0113s ejam \u201cpret\u012bm\u201d klientiem, individu\u0101li risin\u0101m katru probl\u0113mu. M\u016bsu past\u0101v\u012bgajiem klientiem ir iesp\u0113jams nos\u016bt\u012bt preces ar atliktu maks\u0101jumu, jo saprotam, cik svar\u012bgi ir nep\u0101rtraukt darbu pat uz da\u017e\u0101m stund\u0101m.<\/p>\n<p><strong>M\u0113s esam ofici\u0101li celtniec\u012bbas materi\u0101lu pieg\u0101d\u0101t\u0101ji<\/strong><\/p>\n<p>B\u016bvniec\u012bbas iepirkumu centrs ir ofici\u0101lais pieg\u0101d\u0101t\u0101js liel\u0101kajiem Eiropas Sevien\u012bbas \u00a0augstas kvalit\u0101tes celtniec\u012bbas un apdares materi\u0101lu ra\u017eot\u0101jiem. M\u0113s pied\u0101v\u0101jam minim\u0101l\u0101s cenas vis\u0101m prec\u0113m, cikt\u0101l to \u013cauj ra\u017eot\u0101js.<\/p>\n<p><strong>M\u016bsu klienti<\/strong><\/p>\n<p>M\u0113s str\u0101d\u0101jam gan ar b\u016bvniec\u012bbas uz\u0146\u0113mumiem, gan ar individu\u0101liem b\u016bvniekiem. Mums ir svar\u012bgi Jums pal\u012bdz\u0113t b\u016bvniec\u012bbas un apdares materi\u0101lu izv\u0113les, ieg\u0101des un pieg\u0101des posm\u0101. Esam kop\u0101 ar Jums pasut\u012bjuma \u00a0veido\u0161anas proces\u0101. M\u0113s r\u016bp\u012bgi \u00a0noskaidrosim visas deta\u013cas, izv\u0113l\u0113simies nepiecie\u0161amo, ieteiksim lab\u0101ko kvalit\u0101tes un cenas zi\u0146\u0101.<\/p>\n<p><span class=\"VIiyi\" lang=\"lv\"><span class=\"JLqJ4b ChMk0b\" data-language-for-alternatives=\"lv\" data-language-to-translate-into=\"en\" data-phrase-index=\"4\">Pateicoties personiskai pieejai, j\u016bs b\u016bsiet p\u0101rliecin\u0101ti, ka nepiecie\u0161am\u0101s konfigur\u0101cijas celtniec\u012bbas materi\u0101li, pien\u0101c\u012bg\u0101 kvalit\u0101t\u0101 un savlaic\u012bgi tiks nos\u016bt\u012bti uz b\u016bvlaukumu.<br \/>\n<\/span><\/span><\/p>\n<p>&nbsp;<\/p>\n<p>&nbsp;<\/p>\n<\/div><\/div><\/div><\/div>[\/vc_column][\/vc_row][vc_row full_width=&#187;stretch_row_content_no_spaces&#187; column_spacing=&#187;0px&#187;][vc_column margin_bottom=&#187;0px&#187;][\/vc_column][\/vc_row][vc_row full_width=&#187;stretch_row_content_no_spaces&#187; column_spacing=&#187;0px&#187; css=&#187;.vc_custom_1489793813541{margin-bottom: 60px !important;}&#187;][vc_column margin_bottom=&#187;0px&#187;][\/vc_column][\/vc_row][vc_row css=&#187;.vc_custom_1489793819394{border-top-width: 1px !important;padding-top: 40px !important;border-top-color: #eeeeee !important;border-top-style: solid !important;}&#187;][vc_column]<h2 class=\"vcex-module vcex-heading vcex-heading-plain\" style=\"font-size:28px;text-align:center;\"><span class=\"vcex-heading-inner clr\">Tagad, kad j\u016bs par mums zin\u0101t, varb\u016bt jums vajadz\u0113tu m\u016bs satikt<\/span><\/h2>[\/vc_column][\/vc_row]\n","protected":false},"excerpt":{"rendered":"<p>[vc_row full_width=&#187;stretch_row_content_no_spaces&#187; column_spacing=&#187;0px&#187;][vc_column margin_bottom=&#187;0px&#187;][\/vc_column][\/vc_row][vc_row full_width=&#187;stretch_row_content_no_spaces&#187; column_spacing=&#187;0px&#187;][vc_column margin_bottom=&#187;0px&#187;][\/vc_column][\/vc_row][vc_row full_width=&#187;stretch_row_content_no_spaces&#187; column_spacing=&#187;0px&#187; css=&#187;.vc_custom_1489793813541{margin-bottom: 60px !important;}&#187;][vc_column margin_bottom=&#187;0px&#187;][\/vc_column][\/vc_row][vc_row css=&#187;.vc_custom_1489793819394{border-top-width: 1px !important;padding-top: 40px !important;border-top-color: #eeeeee !important;border-top-style: solid !important;}&#187;][vc_column][\/vc_column][\/vc_row]<\/p>\n","protected":false},"author":1,"featured_media":0,"parent":0,"menu_order":0,"comment_status":"open","ping_status":"open","template":"","meta":[],"_links":{"self":[{"href":"https:\/\/www.mateos.lv\/wordpress\/index.php?rest_route=\/wp\/v2\/pages\/74"}],"collection":[{"href":"https:\/\/www.mateos.lv\/wordpress\/index.php?rest_route=\/wp\/v2\/pages"}],"about":[{"href":"https:\/\/www.mateos.lv\/wordpress\/index.php?rest_route=\/wp\/v2\/types\/page"}],"author":[{"embeddable":true,"href":"https:\/\/www.mateos.lv\/wordpress\/index.php?rest_route=\/wp\/v2\/users\/1"}],"replies":[{"embeddable":true,"href":"https:\/\/www.mateos.lv\/wordpress\/index.php?rest_route=%2Fwp%2Fv2%2Fcomments&post=74"}],"version-history":[{"count":7,"href":"https:\/\/www.mateos.lv\/wordpress\/index.php?rest_route=\/wp\/v2\/pages\/74\/revisions"}],"predecessor-version":[{"id":217,"href":"https:\/\/www.mateos.lv\/wordpress\/index.php?rest_route=\/wp\/v2\/pages\/74\/revisions\/217"}],"wp:attachment":[{"href":"https:\/\/www.mateos.lv\/wordpress\/index.php?rest_route=%2Fwp%2Fv2%2Fmedia&parent=74"}],"curies":[{"name":"wp","href":"https:\/\/api.w.org\/{rel}","templated":true}]}}